{"id":61042,"date":"2022-06-16T17:26:15","date_gmt":"2022-06-16T14:26:15","guid":{"rendered":"https:\/\/furukawarockdrillspareparts.com\/tr\/?post_type=product&#038;p=61042"},"modified":"2022-06-16T17:26:15","modified_gmt":"2022-06-16T14:26:15","slug":"sank-yatagi-rulmani","status":"publish","type":"product","link":"https:\/\/furukawarockdrillspareparts.com\/tr\/e-commerce\/sank-yatagi-rulmani\/","title":{"rendered":"\u015eank Yata\u011f\u0131 Rulman\u0131"},"content":{"rendered":"","protected":false},"excerpt":{"rendered":"<p>Delkom No : 140 101 626<br \/>\nMontabert No : 2686 6688 60<\/p>\n","protected":false},"featured_media":61043,"template":"","meta":[],"product_brand":[],"product_cat":[1778,1780],"product_tag":[2852,2853],"class_list":{"0":"post-61042","1":"product","2":"type-product","3":"status-publish","4":"has-post-thumbnail","6":"product_cat-hidrolik-tabanca-parcalari","7":"product_cat-montabert","8":"product_tag-montabert-hc25","9":"product_tag-montabert-hc28","11":"first","12":"instock","13":"shipping-taxable","14":"purchasable","15":"product-type-simple"},"yoast_head":"<!-- This site is optimized with the Yoast SEO plugin v27.3 - https:\/\/yoast.com\/product\/yoast-seo-wordpress\/ -->\n<title>\u015eank Yata\u011f\u0131 Rulman\u0131 Hidrolik Tabanca Par\u00e7alar\u0131, MONTABERT<\/title>\n<meta name=\"description\" content=\"Delkom No : 140 101 626 Montabert No : 2686 6688 60\" \/>\n<meta name=\"robots\" content=\"index, follow, max-snippet:-1, max-image-preview:large, max-video-preview:-1\" \/>\n<link rel=\"canonical\" href=\"https:\/\/furukawarockdrillspareparts.com\/tr\/e-commerce\/sank-yatagi-rulmani\/\" \/>\n<meta property=\"og:locale\" content=\"tr_TR\" \/>\n<meta property=\"og:type\" content=\"article\" \/>\n<meta property=\"og:title\" content=\"\u015eank Yata\u011f\u0131 Rulman\u0131 Hidrolik Tabanca Par\u00e7alar\u0131, MONTABERT\" \/>\n<meta property=\"og:description\" content=\"Delkom No : 140 101 626 Montabert No : 2686 6688 60\" \/>\n<meta property=\"og:url\" content=\"https:\/\/furukawarockdrillspareparts.com\/tr\/e-commerce\/sank-yatagi-rulmani\/\" \/>\n<meta property=\"og:site_name\" content=\"Furukawa Yedek Par\u00e7alar\" \/>\n<meta property=\"og:image\" content=\"https:\/\/furukawarockdrillspareparts.com\/tr\/wp-content\/uploads\/sites\/14\/2022\/06\/140-101-626_kapak.jpg\" \/>\n\t<meta property=\"og:image:width\" content=\"600\" \/>\n\t<meta property=\"og:image:height\" content=\"400\" \/>\n\t<meta property=\"og:image:type\" content=\"image\/jpeg\" \/>\n<meta name=\"twitter:card\" content=\"summary_large_image\" \/>\n<script type=\"application\/ld+json\" class=\"yoast-schema-graph\">{\"@context\":\"https:\\\/\\\/schema.org\",\"@graph\":[{\"@type\":\"WebPage\",\"@id\":\"https:\\\/\\\/furukawarockdrillspareparts.com\\\/tr\\\/e-commerce\\\/sank-yatagi-rulmani\\\/\",\"url\":\"https:\\\/\\\/furukawarockdrillspareparts.com\\\/tr\\\/e-commerce\\\/sank-yatagi-rulmani\\\/\",\"name\":\"\u015eank Yata\u011f\u0131 Rulman\u0131 Hidrolik Tabanca Par\u00e7alar\u0131, MONTABERT\",\"isPartOf\":{\"@id\":\"https:\\\/\\\/furukawarockdrillspareparts.com\\\/tr\\\/#website\"},\"primaryImageOfPage\":{\"@id\":\"https:\\\/\\\/furukawarockdrillspareparts.com\\\/tr\\\/e-commerce\\\/sank-yatagi-rulmani\\\/#primaryimage\"},\"image\":{\"@id\":\"https:\\\/\\\/furukawarockdrillspareparts.com\\\/tr\\\/e-commerce\\\/sank-yatagi-rulmani\\\/#primaryimage\"},\"thumbnailUrl\":\"https:\\\/\\\/furukawarockdrillspareparts.com\\\/tr\\\/wp-content\\\/uploads\\\/sites\\\/14\\\/2022\\\/06\\\/140-101-626_kapak.jpg\",\"datePublished\":\"2022-06-16T14:26:15+00:00\",\"description\":\"Delkom No : 140 101 626 Montabert No : 2686 6688 60\",\"breadcrumb\":{\"@id\":\"https:\\\/\\\/furukawarockdrillspareparts.com\\\/tr\\\/e-commerce\\\/sank-yatagi-rulmani\\\/#breadcrumb\"},\"inLanguage\":\"tr\",\"potentialAction\":[{\"@type\":\"ReadAction\",\"target\":[\"https:\\\/\\\/furukawarockdrillspareparts.com\\\/tr\\\/e-commerce\\\/sank-yatagi-rulmani\\\/\"]}]},{\"@type\":\"ImageObject\",\"inLanguage\":\"tr\",\"@id\":\"https:\\\/\\\/furukawarockdrillspareparts.com\\\/tr\\\/e-commerce\\\/sank-yatagi-rulmani\\\/#primaryimage\",\"url\":\"https:\\\/\\\/furukawarockdrillspareparts.com\\\/tr\\\/wp-content\\\/uploads\\\/sites\\\/14\\\/2022\\\/06\\\/140-101-626_kapak.jpg\",\"contentUrl\":\"https:\\\/\\\/furukawarockdrillspareparts.com\\\/tr\\\/wp-content\\\/uploads\\\/sites\\\/14\\\/2022\\\/06\\\/140-101-626_kapak.jpg\",\"width\":600,\"height\":400},{\"@type\":\"BreadcrumbList\",\"@id\":\"https:\\\/\\\/furukawarockdrillspareparts.com\\\/tr\\\/e-commerce\\\/sank-yatagi-rulmani\\\/#breadcrumb\",\"itemListElement\":[{\"@type\":\"ListItem\",\"position\":1,\"name\":\"Ana Sayfa\",\"item\":\"https:\\\/\\\/furukawarockdrillspareparts.com\\\/tr\\\/\"},{\"@type\":\"ListItem\",\"position\":2,\"name\":\"E-Ticaret\",\"item\":\"https:\\\/\\\/furukawarockdrillspareparts.com\\\/tr\\\/e-commerce\\\/\"},{\"@type\":\"ListItem\",\"position\":3,\"name\":\"\u015eank Yata\u011f\u0131 Rulman\u0131\"}]},{\"@type\":\"WebSite\",\"@id\":\"https:\\\/\\\/furukawarockdrillspareparts.com\\\/tr\\\/#website\",\"url\":\"https:\\\/\\\/furukawarockdrillspareparts.com\\\/tr\\\/\",\"name\":\"Furukawa Yedek Par\u00e7alar\",\"description\":\"En Kaliteli Kaya Delici Yedek Par\u00e7a \u00dcreticisi\",\"publisher\":{\"@id\":\"https:\\\/\\\/furukawarockdrillspareparts.com\\\/tr\\\/#organization\"},\"potentialAction\":[{\"@type\":\"SearchAction\",\"target\":{\"@type\":\"EntryPoint\",\"urlTemplate\":\"https:\\\/\\\/furukawarockdrillspareparts.com\\\/tr\\\/?s={search_term_string}\"},\"query-input\":{\"@type\":\"PropertyValueSpecification\",\"valueRequired\":true,\"valueName\":\"search_term_string\"}}],\"inLanguage\":\"tr\"},{\"@type\":\"Organization\",\"@id\":\"https:\\\/\\\/furukawarockdrillspareparts.com\\\/tr\\\/#organization\",\"name\":\"Delkom Rock Drill\",\"url\":\"https:\\\/\\\/furukawarockdrillspareparts.com\\\/tr\\\/\",\"logo\":{\"@type\":\"ImageObject\",\"inLanguage\":\"tr\",\"@id\":\"https:\\\/\\\/furukawarockdrillspareparts.com\\\/tr\\\/#\\\/schema\\\/logo\\\/image\\\/\",\"url\":\"https:\\\/\\\/furukawarockdrillspareparts.com\\\/tr\\\/wp-content\\\/uploads\\\/sites\\\/14\\\/2021\\\/06\\\/logo-white-1.png\",\"contentUrl\":\"https:\\\/\\\/furukawarockdrillspareparts.com\\\/tr\\\/wp-content\\\/uploads\\\/sites\\\/14\\\/2021\\\/06\\\/logo-white-1.png\",\"width\":300,\"height\":74,\"caption\":\"Delkom Rock Drill\"},\"image\":{\"@id\":\"https:\\\/\\\/furukawarockdrillspareparts.com\\\/tr\\\/#\\\/schema\\\/logo\\\/image\\\/\"}}]}<\/script>\n<!-- \/ Yoast SEO plugin. -->","yoast_head_json":{"title":"\u015eank Yata\u011f\u0131 Rulman\u0131 Hidrolik Tabanca Par\u00e7alar\u0131, MONTABERT","description":"Delkom No : 140 101 626 Montabert No : 2686 6688 60","robots":{"index":"index","follow":"follow","max-snippet":"max-snippet:-1","max-image-preview":"max-image-preview:large","max-video-preview":"max-video-preview:-1"},"canonical":"https:\/\/furukawarockdrillspareparts.com\/tr\/e-commerce\/sank-yatagi-rulmani\/","og_locale":"tr_TR","og_type":"article","og_title":"\u015eank Yata\u011f\u0131 Rulman\u0131 Hidrolik Tabanca Par\u00e7alar\u0131, MONTABERT","og_description":"Delkom No : 140 101 626 Montabert No : 2686 6688 60","og_url":"https:\/\/furukawarockdrillspareparts.com\/tr\/e-commerce\/sank-yatagi-rulmani\/","og_site_name":"Furukawa Yedek Par\u00e7alar","og_image":[{"width":600,"height":400,"url":"https:\/\/furukawarockdrillspareparts.com\/tr\/wp-content\/uploads\/sites\/14\/2022\/06\/140-101-626_kapak.jpg","type":"image\/jpeg"}],"twitter_card":"summary_large_image","schema":{"@context":"https:\/\/schema.org","@graph":[{"@type":"WebPage","@id":"https:\/\/furukawarockdrillspareparts.com\/tr\/e-commerce\/sank-yatagi-rulmani\/","url":"https:\/\/furukawarockdrillspareparts.com\/tr\/e-commerce\/sank-yatagi-rulmani\/","name":"\u015eank Yata\u011f\u0131 Rulman\u0131 Hidrolik Tabanca Par\u00e7alar\u0131, MONTABERT","isPartOf":{"@id":"https:\/\/furukawarockdrillspareparts.com\/tr\/#website"},"primaryImageOfPage":{"@id":"https:\/\/furukawarockdrillspareparts.com\/tr\/e-commerce\/sank-yatagi-rulmani\/#primaryimage"},"image":{"@id":"https:\/\/furukawarockdrillspareparts.com\/tr\/e-commerce\/sank-yatagi-rulmani\/#primaryimage"},"thumbnailUrl":"https:\/\/furukawarockdrillspareparts.com\/tr\/wp-content\/uploads\/sites\/14\/2022\/06\/140-101-626_kapak.jpg","datePublished":"2022-06-16T14:26:15+00:00","description":"Delkom No : 140 101 626 Montabert No : 2686 6688 60","breadcrumb":{"@id":"https:\/\/furukawarockdrillspareparts.com\/tr\/e-commerce\/sank-yatagi-rulmani\/#breadcrumb"},"inLanguage":"tr","potentialAction":[{"@type":"ReadAction","target":["https:\/\/furukawarockdrillspareparts.com\/tr\/e-commerce\/sank-yatagi-rulmani\/"]}]},{"@type":"ImageObject","inLanguage":"tr","@id":"https:\/\/furukawarockdrillspareparts.com\/tr\/e-commerce\/sank-yatagi-rulmani\/#primaryimage","url":"https:\/\/furukawarockdrillspareparts.com\/tr\/wp-content\/uploads\/sites\/14\/2022\/06\/140-101-626_kapak.jpg","contentUrl":"https:\/\/furukawarockdrillspareparts.com\/tr\/wp-content\/uploads\/sites\/14\/2022\/06\/140-101-626_kapak.jpg","width":600,"height":400},{"@type":"BreadcrumbList","@id":"https:\/\/furukawarockdrillspareparts.com\/tr\/e-commerce\/sank-yatagi-rulmani\/#breadcrumb","itemListElement":[{"@type":"ListItem","position":1,"name":"Ana Sayfa","item":"https:\/\/furukawarockdrillspareparts.com\/tr\/"},{"@type":"ListItem","position":2,"name":"E-Ticaret","item":"https:\/\/furukawarockdrillspareparts.com\/tr\/e-commerce\/"},{"@type":"ListItem","position":3,"name":"\u015eank Yata\u011f\u0131 Rulman\u0131"}]},{"@type":"WebSite","@id":"https:\/\/furukawarockdrillspareparts.com\/tr\/#website","url":"https:\/\/furukawarockdrillspareparts.com\/tr\/","name":"Furukawa Yedek Par\u00e7alar","description":"En Kaliteli Kaya Delici Yedek Par\u00e7a \u00dcreticisi","publisher":{"@id":"https:\/\/furukawarockdrillspareparts.com\/tr\/#organization"},"potentialAction":[{"@type":"SearchAction","target":{"@type":"EntryPoint","urlTemplate":"https:\/\/furukawarockdrillspareparts.com\/tr\/?s={search_term_string}"},"query-input":{"@type":"PropertyValueSpecification","valueRequired":true,"valueName":"search_term_string"}}],"inLanguage":"tr"},{"@type":"Organization","@id":"https:\/\/furukawarockdrillspareparts.com\/tr\/#organization","name":"Delkom Rock Drill","url":"https:\/\/furukawarockdrillspareparts.com\/tr\/","logo":{"@type":"ImageObject","inLanguage":"tr","@id":"https:\/\/furukawarockdrillspareparts.com\/tr\/#\/schema\/logo\/image\/","url":"https:\/\/furukawarockdrillspareparts.com\/tr\/wp-content\/uploads\/sites\/14\/2021\/06\/logo-white-1.png","contentUrl":"https:\/\/furukawarockdrillspareparts.com\/tr\/wp-content\/uploads\/sites\/14\/2021\/06\/logo-white-1.png","width":300,"height":74,"caption":"Delkom Rock Drill"},"image":{"@id":"https:\/\/furukawarockdrillspareparts.com\/tr\/#\/schema\/logo\/image\/"}}]}},"acf":[],"_links":{"self":[{"href":"https:\/\/furukawarockdrillspareparts.com\/tr\/wp-json\/wp\/v2\/product\/61042","targetHints":{"allow":["GET"]}}],"collection":[{"href":"https:\/\/furukawarockdrillspareparts.com\/tr\/wp-json\/wp\/v2\/product"}],"about":[{"href":"https:\/\/furukawarockdrillspareparts.com\/tr\/wp-json\/wp\/v2\/types\/product"}],"wp:featuredmedia":[{"embeddable":true,"href":"https:\/\/furukawarockdrillspareparts.com\/tr\/wp-json\/wp\/v2\/media\/61043"}],"wp:attachment":[{"href":"https:\/\/furukawarockdrillspareparts.com\/tr\/wp-json\/wp\/v2\/media?parent=61042"}],"wp:term":[{"taxonomy":"product_brand","embeddable":true,"href":"https:\/\/furukawarockdrillspareparts.com\/tr\/wp-json\/wp\/v2\/product_brand?post=61042"},{"taxonomy":"product_cat","embeddable":true,"href":"https:\/\/furukawarockdrillspareparts.com\/tr\/wp-json\/wp\/v2\/product_cat?post=61042"},{"taxonomy":"product_tag","embeddable":true,"href":"https:\/\/furukawarockdrillspareparts.com\/tr\/wp-json\/wp\/v2\/product_tag?post=61042"}],"curies":[{"name":"wp","href":"https:\/\/api.w.org\/{rel}","templated":true}]}}