{"id":662,"date":"2020-11-06T13:23:53","date_gmt":"2020-11-06T10:23:53","guid":{"rendered":"https:\/\/furukawarockdrillspareparts.com\/tr\/?post_type=product&#038;p=662"},"modified":"2021-09-13T11:07:15","modified_gmt":"2021-09-13T08:07:15","slug":"hidromotor","status":"publish","type":"product","link":"https:\/\/furukawarockdrillspareparts.com\/tr\/e-commerce\/hidromotor\/","title":{"rendered":"Hidromotor"},"content":{"rendered":"","protected":false},"excerpt":{"rendered":"<p>Delkom No : 120 100 551<br \/>\nEpiroc No : 3115 3473 83<\/p>\n","protected":false},"featured_media":55849,"template":"","meta":[],"product_brand":[],"product_cat":[1779,1778],"product_tag":[1951,1914,1934,1942,1936,1946,1947,1940,1938],"class_list":{"0":"post-662","1":"product","2":"type-product","3":"status-publish","4":"has-post-thumbnail","6":"product_cat-epiroc-hidrolik-tabanca-parcalari","7":"product_cat-hidrolik-tabanca-parcalari","8":"product_tag-epiroc-cop-1240","9":"product_tag-epiroc-cop-1638hdplus","10":"product_tag-epiroc-cop-1838hd","11":"product_tag-epiroc-cop-1838he","12":"product_tag-epiroc-cop-1838me","13":"product_tag-epiroc-cop-1840","14":"product_tag-epiroc-cop-1840ex","15":"product_tag-epiroc-cop-1840plus","16":"product_tag-epiroc-cop-2238hdplus","17":"product_shipping_class-1-2-hafta","19":"first","20":"instock","21":"shipping-taxable","22":"purchasable","23":"product-type-simple"},"yoast_head":"<!-- This site is optimized with the Yoast SEO plugin v27.3 - https:\/\/yoast.com\/product\/yoast-seo-wordpress\/ -->\n<title>Hidromotor EPIROC, Hidrolik Tabanca Par\u00e7alar\u0131<\/title>\n<meta name=\"description\" content=\"Delkom No : 120 100 551 Epiroc No : 3115 3473 83\" \/>\n<meta name=\"robots\" content=\"index, follow, max-snippet:-1, max-image-preview:large, max-video-preview:-1\" \/>\n<link rel=\"canonical\" href=\"https:\/\/furukawarockdrillspareparts.com\/tr\/e-commerce\/hidromotor\/\" \/>\n<meta property=\"og:locale\" content=\"tr_TR\" \/>\n<meta property=\"og:type\" content=\"article\" \/>\n<meta property=\"og:title\" content=\"Hidromotor EPIROC, Hidrolik Tabanca Par\u00e7alar\u0131\" \/>\n<meta property=\"og:description\" content=\"Delkom No : 120 100 551 Epiroc No : 3115 3473 83\" \/>\n<meta property=\"og:url\" content=\"https:\/\/furukawarockdrillspareparts.com\/tr\/e-commerce\/hidromotor\/\" \/>\n<meta property=\"og:site_name\" content=\"Furukawa Yedek Par\u00e7alar\" \/>\n<meta property=\"article:modified_time\" content=\"2021-09-13T08:07:15+00:00\" \/>\n<meta property=\"og:image\" content=\"https:\/\/furukawarockdrillspareparts.com\/tr\/wp-content\/uploads\/sites\/14\/2021\/09\/IMG_0122.png\" \/>\n\t<meta property=\"og:image:width\" content=\"600\" \/>\n\t<meta property=\"og:image:height\" content=\"400\" \/>\n\t<meta property=\"og:image:type\" content=\"image\/png\" \/>\n<meta name=\"twitter:card\" content=\"summary_large_image\" \/>\n<script type=\"application\/ld+json\" class=\"yoast-schema-graph\">{\"@context\":\"https:\\\/\\\/schema.org\",\"@graph\":[{\"@type\":\"WebPage\",\"@id\":\"https:\\\/\\\/furukawarockdrillspareparts.com\\\/tr\\\/e-commerce\\\/hidromotor\\\/\",\"url\":\"https:\\\/\\\/furukawarockdrillspareparts.com\\\/tr\\\/e-commerce\\\/hidromotor\\\/\",\"name\":\"Hidromotor EPIROC, Hidrolik Tabanca Par\u00e7alar\u0131\",\"isPartOf\":{\"@id\":\"https:\\\/\\\/furukawarockdrillspareparts.com\\\/tr\\\/#website\"},\"primaryImageOfPage\":{\"@id\":\"https:\\\/\\\/furukawarockdrillspareparts.com\\\/tr\\\/e-commerce\\\/hidromotor\\\/#primaryimage\"},\"image\":{\"@id\":\"https:\\\/\\\/furukawarockdrillspareparts.com\\\/tr\\\/e-commerce\\\/hidromotor\\\/#primaryimage\"},\"thumbnailUrl\":\"https:\\\/\\\/furukawarockdrillspareparts.com\\\/tr\\\/wp-content\\\/uploads\\\/sites\\\/14\\\/2021\\\/09\\\/IMG_0122.png\",\"datePublished\":\"2020-11-06T10:23:53+00:00\",\"dateModified\":\"2021-09-13T08:07:15+00:00\",\"description\":\"Delkom No : 120 100 551 Epiroc No : 3115 3473 83\",\"breadcrumb\":{\"@id\":\"https:\\\/\\\/furukawarockdrillspareparts.com\\\/tr\\\/e-commerce\\\/hidromotor\\\/#breadcrumb\"},\"inLanguage\":\"tr\",\"potentialAction\":[{\"@type\":\"ReadAction\",\"target\":[\"https:\\\/\\\/furukawarockdrillspareparts.com\\\/tr\\\/e-commerce\\\/hidromotor\\\/\"]}]},{\"@type\":\"ImageObject\",\"inLanguage\":\"tr\",\"@id\":\"https:\\\/\\\/furukawarockdrillspareparts.com\\\/tr\\\/e-commerce\\\/hidromotor\\\/#primaryimage\",\"url\":\"https:\\\/\\\/furukawarockdrillspareparts.com\\\/tr\\\/wp-content\\\/uploads\\\/sites\\\/14\\\/2021\\\/09\\\/IMG_0122.png\",\"contentUrl\":\"https:\\\/\\\/furukawarockdrillspareparts.com\\\/tr\\\/wp-content\\\/uploads\\\/sites\\\/14\\\/2021\\\/09\\\/IMG_0122.png\",\"width\":600,\"height\":400},{\"@type\":\"BreadcrumbList\",\"@id\":\"https:\\\/\\\/furukawarockdrillspareparts.com\\\/tr\\\/e-commerce\\\/hidromotor\\\/#breadcrumb\",\"itemListElement\":[{\"@type\":\"ListItem\",\"position\":1,\"name\":\"Ana Sayfa\",\"item\":\"https:\\\/\\\/furukawarockdrillspareparts.com\\\/tr\\\/\"},{\"@type\":\"ListItem\",\"position\":2,\"name\":\"E-Ticaret\",\"item\":\"https:\\\/\\\/furukawarockdrillspareparts.com\\\/tr\\\/e-commerce\\\/\"},{\"@type\":\"ListItem\",\"position\":3,\"name\":\"Hidromotor\"}]},{\"@type\":\"WebSite\",\"@id\":\"https:\\\/\\\/furukawarockdrillspareparts.com\\\/tr\\\/#website\",\"url\":\"https:\\\/\\\/furukawarockdrillspareparts.com\\\/tr\\\/\",\"name\":\"Furukawa Yedek Par\u00e7alar\",\"description\":\"En Kaliteli Kaya Delici Yedek Par\u00e7a \u00dcreticisi\",\"publisher\":{\"@id\":\"https:\\\/\\\/furukawarockdrillspareparts.com\\\/tr\\\/#organization\"},\"potentialAction\":[{\"@type\":\"SearchAction\",\"target\":{\"@type\":\"EntryPoint\",\"urlTemplate\":\"https:\\\/\\\/furukawarockdrillspareparts.com\\\/tr\\\/?s={search_term_string}\"},\"query-input\":{\"@type\":\"PropertyValueSpecification\",\"valueRequired\":true,\"valueName\":\"search_term_string\"}}],\"inLanguage\":\"tr\"},{\"@type\":\"Organization\",\"@id\":\"https:\\\/\\\/furukawarockdrillspareparts.com\\\/tr\\\/#organization\",\"name\":\"Delkom Rock Drill\",\"url\":\"https:\\\/\\\/furukawarockdrillspareparts.com\\\/tr\\\/\",\"logo\":{\"@type\":\"ImageObject\",\"inLanguage\":\"tr\",\"@id\":\"https:\\\/\\\/furukawarockdrillspareparts.com\\\/tr\\\/#\\\/schema\\\/logo\\\/image\\\/\",\"url\":\"https:\\\/\\\/furukawarockdrillspareparts.com\\\/tr\\\/wp-content\\\/uploads\\\/sites\\\/14\\\/2021\\\/06\\\/logo-white-1.png\",\"contentUrl\":\"https:\\\/\\\/furukawarockdrillspareparts.com\\\/tr\\\/wp-content\\\/uploads\\\/sites\\\/14\\\/2021\\\/06\\\/logo-white-1.png\",\"width\":300,\"height\":74,\"caption\":\"Delkom Rock Drill\"},\"image\":{\"@id\":\"https:\\\/\\\/furukawarockdrillspareparts.com\\\/tr\\\/#\\\/schema\\\/logo\\\/image\\\/\"}}]}<\/script>\n<!-- \/ Yoast SEO plugin. -->","yoast_head_json":{"title":"Hidromotor EPIROC, Hidrolik Tabanca Par\u00e7alar\u0131","description":"Delkom No : 120 100 551 Epiroc No : 3115 3473 83","robots":{"index":"index","follow":"follow","max-snippet":"max-snippet:-1","max-image-preview":"max-image-preview:large","max-video-preview":"max-video-preview:-1"},"canonical":"https:\/\/furukawarockdrillspareparts.com\/tr\/e-commerce\/hidromotor\/","og_locale":"tr_TR","og_type":"article","og_title":"Hidromotor EPIROC, Hidrolik Tabanca Par\u00e7alar\u0131","og_description":"Delkom No : 120 100 551 Epiroc No : 3115 3473 83","og_url":"https:\/\/furukawarockdrillspareparts.com\/tr\/e-commerce\/hidromotor\/","og_site_name":"Furukawa Yedek Par\u00e7alar","article_modified_time":"2021-09-13T08:07:15+00:00","og_image":[{"width":600,"height":400,"url":"https:\/\/furukawarockdrillspareparts.com\/tr\/wp-content\/uploads\/sites\/14\/2021\/09\/IMG_0122.png","type":"image\/png"}],"twitter_card":"summary_large_image","schema":{"@context":"https:\/\/schema.org","@graph":[{"@type":"WebPage","@id":"https:\/\/furukawarockdrillspareparts.com\/tr\/e-commerce\/hidromotor\/","url":"https:\/\/furukawarockdrillspareparts.com\/tr\/e-commerce\/hidromotor\/","name":"Hidromotor EPIROC, Hidrolik Tabanca Par\u00e7alar\u0131","isPartOf":{"@id":"https:\/\/furukawarockdrillspareparts.com\/tr\/#website"},"primaryImageOfPage":{"@id":"https:\/\/furukawarockdrillspareparts.com\/tr\/e-commerce\/hidromotor\/#primaryimage"},"image":{"@id":"https:\/\/furukawarockdrillspareparts.com\/tr\/e-commerce\/hidromotor\/#primaryimage"},"thumbnailUrl":"https:\/\/furukawarockdrillspareparts.com\/tr\/wp-content\/uploads\/sites\/14\/2021\/09\/IMG_0122.png","datePublished":"2020-11-06T10:23:53+00:00","dateModified":"2021-09-13T08:07:15+00:00","description":"Delkom No : 120 100 551 Epiroc No : 3115 3473 83","breadcrumb":{"@id":"https:\/\/furukawarockdrillspareparts.com\/tr\/e-commerce\/hidromotor\/#breadcrumb"},"inLanguage":"tr","potentialAction":[{"@type":"ReadAction","target":["https:\/\/furukawarockdrillspareparts.com\/tr\/e-commerce\/hidromotor\/"]}]},{"@type":"ImageObject","inLanguage":"tr","@id":"https:\/\/furukawarockdrillspareparts.com\/tr\/e-commerce\/hidromotor\/#primaryimage","url":"https:\/\/furukawarockdrillspareparts.com\/tr\/wp-content\/uploads\/sites\/14\/2021\/09\/IMG_0122.png","contentUrl":"https:\/\/furukawarockdrillspareparts.com\/tr\/wp-content\/uploads\/sites\/14\/2021\/09\/IMG_0122.png","width":600,"height":400},{"@type":"BreadcrumbList","@id":"https:\/\/furukawarockdrillspareparts.com\/tr\/e-commerce\/hidromotor\/#breadcrumb","itemListElement":[{"@type":"ListItem","position":1,"name":"Ana Sayfa","item":"https:\/\/furukawarockdrillspareparts.com\/tr\/"},{"@type":"ListItem","position":2,"name":"E-Ticaret","item":"https:\/\/furukawarockdrillspareparts.com\/tr\/e-commerce\/"},{"@type":"ListItem","position":3,"name":"Hidromotor"}]},{"@type":"WebSite","@id":"https:\/\/furukawarockdrillspareparts.com\/tr\/#website","url":"https:\/\/furukawarockdrillspareparts.com\/tr\/","name":"Furukawa Yedek Par\u00e7alar","description":"En Kaliteli Kaya Delici Yedek Par\u00e7a \u00dcreticisi","publisher":{"@id":"https:\/\/furukawarockdrillspareparts.com\/tr\/#organization"},"potentialAction":[{"@type":"SearchAction","target":{"@type":"EntryPoint","urlTemplate":"https:\/\/furukawarockdrillspareparts.com\/tr\/?s={search_term_string}"},"query-input":{"@type":"PropertyValueSpecification","valueRequired":true,"valueName":"search_term_string"}}],"inLanguage":"tr"},{"@type":"Organization","@id":"https:\/\/furukawarockdrillspareparts.com\/tr\/#organization","name":"Delkom Rock Drill","url":"https:\/\/furukawarockdrillspareparts.com\/tr\/","logo":{"@type":"ImageObject","inLanguage":"tr","@id":"https:\/\/furukawarockdrillspareparts.com\/tr\/#\/schema\/logo\/image\/","url":"https:\/\/furukawarockdrillspareparts.com\/tr\/wp-content\/uploads\/sites\/14\/2021\/06\/logo-white-1.png","contentUrl":"https:\/\/furukawarockdrillspareparts.com\/tr\/wp-content\/uploads\/sites\/14\/2021\/06\/logo-white-1.png","width":300,"height":74,"caption":"Delkom Rock Drill"},"image":{"@id":"https:\/\/furukawarockdrillspareparts.com\/tr\/#\/schema\/logo\/image\/"}}]}},"acf":[],"_links":{"self":[{"href":"https:\/\/furukawarockdrillspareparts.com\/tr\/wp-json\/wp\/v2\/product\/662","targetHints":{"allow":["GET"]}}],"collection":[{"href":"https:\/\/furukawarockdrillspareparts.com\/tr\/wp-json\/wp\/v2\/product"}],"about":[{"href":"https:\/\/furukawarockdrillspareparts.com\/tr\/wp-json\/wp\/v2\/types\/product"}],"wp:featuredmedia":[{"embeddable":true,"href":"https:\/\/furukawarockdrillspareparts.com\/tr\/wp-json\/wp\/v2\/media\/55849"}],"wp:attachment":[{"href":"https:\/\/furukawarockdrillspareparts.com\/tr\/wp-json\/wp\/v2\/media?parent=662"}],"wp:term":[{"taxonomy":"product_brand","embeddable":true,"href":"https:\/\/furukawarockdrillspareparts.com\/tr\/wp-json\/wp\/v2\/product_brand?post=662"},{"taxonomy":"product_cat","embeddable":true,"href":"https:\/\/furukawarockdrillspareparts.com\/tr\/wp-json\/wp\/v2\/product_cat?post=662"},{"taxonomy":"product_tag","embeddable":true,"href":"https:\/\/furukawarockdrillspareparts.com\/tr\/wp-json\/wp\/v2\/product_tag?post=662"}],"curies":[{"name":"wp","href":"https:\/\/api.w.org\/{rel}","templated":true}]}}